{"id":32,"date":"2021-04-10T08:59:17","date_gmt":"2021-04-10T08:59:17","guid":{"rendered":"https:\/\/taximalpartida.es\/index.php\/one-page-express\/"},"modified":"2025-11-14T16:31:51","modified_gmt":"2025-11-14T16:31:51","slug":"one-page-express","status":"publish","type":"page","link":"https:\/\/taximalpartida.es\/","title":{"rendered":"Inicio"},"content":{"rendered":"<div  id=\"overlapable-2\" style=\"background-color: #ffffff;\" data-label=\"Overlapable\" data-id=\"stripped-coloured-icon-boxes\" data-category=\"overlapable\" class=\"features-coloured-icon-boxes-section\" data-overlap=\"true\">\n<div  class=\"gridContainer\">\n<div  class=\"features-coloured-icon-boxes-innerrow flexbox-list dark-text\" data-type=\"row\">\n<div  class=\"features-coloured-icon-boxes-featurecol cp3cols\">\n<div  class=\"features-coloured-icon-boxes-iconcontainer\" data-content-item-container=\"true\"><i  class=\"features-coloured-icon fa fa-cab\" data-cp-fa=\"true\"><\/i><\/div>\n<h4  class=\"\">7\n\nC\u00f3modas\n\nplazas<\/h4>\n<\/div>\n<div  class=\"features-coloured-icon-boxes-featurecol cp3cols\">\n<div  class=\"features-coloured-icon-boxes-iconcontainer\" data-content-item-container=\"true\"><i  class=\"features-coloured-icon fa fa-plane\" data-cp-fa=\"true\"><\/i><\/div>\n<h4  class=\"\">Viajes\n\na\n\nAeropuertos<\/h4>\n<\/div>\n<div  class=\"features-coloured-icon-boxes-featurecol cp3cols\">\n<div  class=\"features-coloured-icon-boxes-iconcontainer\" data-content-item-container=\"true\"><i  class=\"features-coloured-icon fa fa-suitcase\" data-cp-fa=\"true\"><\/i><\/div>\n<h4  class=\"\">Viajes Nacionales\n\ne\n\nInternacionales<\/h4>\n<\/div>\n<div  class=\"features-coloured-icon-boxes-featurecol cp3cols\">\n<div  class=\"features-coloured-icon-boxes-iconcontainer\" data-content-item-container=\"true\"><i  class=\"features-coloured-icon fa fa-shield\" data-cp-fa=\"true\"><\/i><\/div>\n<h4  class=\"\">Principales compa\u00f1\u00edas de seguros<\/h4>\n<\/div>\n<\/div>\n<\/div>\n<\/div><div  id=\"about-1\" style=\"background-color: #f6f6f6;\" data-label=\"About\" data-id=\"about-big-images-section\" data-category=\"about\" class=\"about-big-images-section\">\n<div  class=\"gridContainer\">\n<div  class=\"about-big-images-textrow\">\n<div  class=\"about-big-images-textcol dynamic-color\" data-type=\"column\">\n<h1  class=\"\">Servicio 24 horas\n\ntel\u00e9fonos:<\/h1>\n<h2  class=\"\"><span  class=\"\" style=\"margin-bottom: 15px; font-size: 2.2em; font-weight: 600; color: #333333; line-height: 45.540000915527344px; outline: #cccccc solid 1px; font-family: 'Source Sans Pro', sans-serif;\">\n722 367 663<\/span><\/h2>\n<\/div>\n<\/div>\n<\/div>\n<div  class=\"about-big-images-bottomrow\">\n<div  class=\"about-big-images-leftimgcol\"><img  decoding=\"async\" class=\"about-big-images-leftimg\" src=\"https:\/\/taximalpartida.es\/wp-content\/uploads\/2021\/04\/taxi-juan_4.jpg\" alt=\"\"><\/div>\n<div  class=\"about-big-images-centerimgcol\"><img  decoding=\"async\" class=\"about-big-images-centerimg\" src=\"https:\/\/taximalpartida.es\/wp-content\/uploads\/2021\/04\/taxi-juan_1.jpg\" alt=\"\"><\/div>\n<div  class=\"about-big-images-rightimgcol\"><img  decoding=\"async\" class=\"about-big-images-rightimg\" src=\"https:\/\/taximalpartida.es\/wp-content\/uploads\/2021\/04\/taxi-juan_2.jpg\" alt=\"\"><\/div>\n<\/div>\n<\/div><div  data-label=\"Team\" data-id=\"team-large-square-section\" data-category=\"team\" class=\"team-large-square-section\" id=\"team-2\" style=\"background-color: #ffffff;\">\n<div  class=\"gridContainer\">\n<div  class=\"team-large-square-textcol dynamic-color\" data-type=\"column\">\n<h2  class=\"\">Con\u00f3cenos<\/h2>\n<p  class=\"\">Siempre a su disposici\u00f3n para ofrecerte el mejor servicio<\/p>\n\n<\/div>\n<div  class=\"team-large-square-innerrow dark-text\" data-type=\"row\">\n<div  class=\"team-large-square-membercol cp6cols-tablet cp12cols\">\n<div  class=\"team-large-square-membercard\">\n<div  class=\"contentswap-effect ContentSwap102\" hover-fx=\"ContentSwap102\" id=\"ContentSwap102\" is-hovered=\"1\">\n<div  class=\"ContentSwap102_content initial-image\"><img  decoding=\"async\" class=\"image13\" data-size=\"800x800\" src=\"https:\/\/taximalpartida.es\/wp-content\/uploads\/2021\/04\/cropped-taxi-juan_2.jpg\"><\/div>\n<div  class=\"overlay\" style=\"display: block; opacity: 1;\"><\/div>\n<div  class=\"swap-inner\" style=\"opacity: 1; display: block;\">\n<div  class=\"ContentSwap102-center\"><a  href=\"https:\/\/www.facebook.com\" target=\"_self\" rel=\"noopener\" class=\"\"><i  class=\"team-large-square-membericon fa fa-facebook-official\" data-cp-fa=\"true\"><\/i><\/a> <a  href=\"#\" target=\"_self\" data-reiki-hidden=\"true\" rel=\"noopener\"><i  class=\"team-large-square-membericon fa fa-linkedin\" data-cp-fa=\"true\"><\/i><\/a> <a  href=\"#\" target=\"_self\" data-reiki-hidden=\"true\" rel=\"noopener\"><i  class=\"team-large-square-membericon fa fa-dribbble\" data-cp-fa=\"true\"><\/i><\/a><\/div>\n<\/div>\n<\/div>\n<div  class=\"team-large-square-memberinfo\" data-type=\"column\">\n<h3  class=\"team-large-square-membername\">C\u00e9sar Nevado duque<\/h3>\n<h4  class=\"team-large-square-memberposition\">Taxista<\/h4>\n<h2  class=\"\">taximalpartidadecaceres@gmail.com<\/h2>\n<\/div>\n<\/div>\n<\/div>\n<\/div>\n<\/div>\n<\/div><div  data-label=\"Overlapable\" data-id=\"stripped-features-image-cards-section\" data-category=\"overlapable\" data-=\"\" class=\"features-image-cards-section stripped-features-image-cards-section\" data-overlap=\"true\" id=\"overlapable-3\" style=\"background-color: #ffffff;\">\n<div  class=\"gridContainer\">\n<div  class=\"features-image-cards-innerrow flexbox-list\" data-type=\"row\">\n<div  class=\"features-image-cards-cardcol cp4cols cp6cols-tablet\">\n<div  class=\"features-image-cards-cardrow\">\n<div  class=\"features-image-cards-cardtextrow\" data-type=\"column\"><\/div>\n<\/div>\n<\/div>\n<\/div>\n<\/div>\n<\/div>","protected":false},"excerpt":{"rendered":"<p>7 C\u00f3modas plazas Viajes a Aeropuertos Viajes Nacionales e Internacionales Principales compa\u00f1\u00edas de seguros Servicio 24 horas tel\u00e9fonos: 722 367 663 Con\u00f3cenos Siempre a su disposici\u00f3n para ofrecerte el mejor servicio C\u00e9sar Nevado duque Taxista taximalpartidadecaceres@gmail.com<\/p>\n","protected":false},"author":1,"featured_media":0,"parent":0,"menu_order":0,"comment_status":"closed","ping_status":"closed","template":"","meta":{"footnotes":""},"class_list":["post-32","page","type-page","status-publish","hentry"],"_links":{"self":[{"href":"https:\/\/taximalpartida.es\/index.php\/wp-json\/wp\/v2\/pages\/32","targetHints":{"allow":["GET"]}}],"collection":[{"href":"https:\/\/taximalpartida.es\/index.php\/wp-json\/wp\/v2\/pages"}],"about":[{"href":"https:\/\/taximalpartida.es\/index.php\/wp-json\/wp\/v2\/types\/page"}],"author":[{"embeddable":true,"href":"https:\/\/taximalpartida.es\/index.php\/wp-json\/wp\/v2\/users\/1"}],"replies":[{"embeddable":true,"href":"https:\/\/taximalpartida.es\/index.php\/wp-json\/wp\/v2\/comments?post=32"}],"version-history":[{"count":15,"href":"https:\/\/taximalpartida.es\/index.php\/wp-json\/wp\/v2\/pages\/32\/revisions"}],"predecessor-version":[{"id":105,"href":"https:\/\/taximalpartida.es\/index.php\/wp-json\/wp\/v2\/pages\/32\/revisions\/105"}],"wp:attachment":[{"href":"https:\/\/taximalpartida.es\/index.php\/wp-json\/wp\/v2\/media?parent=32"}],"curies":[{"name":"wp","href":"https:\/\/api.w.org\/{rel}","templated":true}]}}